{"id":739,"date":"2021-04-28T19:00:08","date_gmt":"2021-04-28T19:00:08","guid":{"rendered":"http:\/\/fetishtattoo.wpsservice.ddns.net\/?page_id=739"},"modified":"2022-02-08T21:36:57","modified_gmt":"2022-02-08T21:36:57","slug":"fulekszerek-fulbeloves","status":"publish","type":"page","link":"https:\/\/fetishtattoo.com\/index.php\/fulekszerek-fulbeloves\/","title":{"rendered":"F\u00fcl\u00e9kszerek \u00e9s f\u00fclbel\u00f6v\u00e9s"},"content":{"rendered":"\t\t<div data-elementor-type=\"wp-page\" data-elementor-id=\"739\" class=\"elementor elementor-739\">\n\t\t\t\t\t\t<section class=\"elementor-section elementor-top-section elementor-element elementor-element-0ac0616 elementor-section-boxed elementor-section-height-default elementor-section-height-default\" data-id=\"0ac0616\" data-element_type=\"section\">\n\t\t\t\t\t\t\t<div class=\"elementor-background-overlay\"><\/div>\n\t\t\t\t\t\t\t<div class=\"elementor-container elementor-column-gap-default\">\n\t\t\t\t\t<div class=\"elementor-column elementor-col-100 elementor-top-column elementor-element elementor-element-87be7c4\" data-id=\"87be7c4\" data-element_type=\"column\">\n\t\t\t<div class=\"elementor-widget-wrap elementor-element-populated\">\n\t\t\t\t\t\t<div class=\"elementor-element elementor-element-85f7ab4 elementor-widget elementor-widget-spacer\" data-id=\"85f7ab4\" data-element_type=\"widget\" data-widget_type=\"spacer.default\">\n\t\t\t\t<div class=\"elementor-widget-container\">\n\t\t\t\t\t\t\t<div class=\"elementor-spacer\">\n\t\t\t<div class=\"elementor-spacer-inner\"><\/div>\n\t\t<\/div>\n\t\t\t\t\t\t<\/div>\n\t\t\t\t<\/div>\n\t\t\t\t<div class=\"elementor-element elementor-element-cdaf51f elementor-widget elementor-widget-heading\" data-id=\"cdaf51f\" data-element_type=\"widget\" data-widget_type=\"heading.default\">\n\t\t\t\t<div class=\"elementor-widget-container\">\n\t\t\t\t\t<h1 class=\"elementor-heading-title elementor-size-default\">F\u00fcl\u00e9kszerek \u00e9s f\u00fclbel\u00f6v\u00e9s<\/h1>\t\t\t\t<\/div>\n\t\t\t\t<\/div>\n\t\t\t\t<div class=\"elementor-element elementor-element-8f3b8c8 elementor-widget elementor-widget-spacer\" data-id=\"8f3b8c8\" data-element_type=\"widget\" data-widget_type=\"spacer.default\">\n\t\t\t\t<div class=\"elementor-widget-container\">\n\t\t\t\t\t\t\t<div class=\"elementor-spacer\">\n\t\t\t<div class=\"elementor-spacer-inner\"><\/div>\n\t\t<\/div>\n\t\t\t\t\t\t<\/div>\n\t\t\t\t<\/div>\n\t\t\t\t\t<\/div>\n\t\t<\/div>\n\t\t\t\t\t<\/div>\n\t\t<\/section>\n\t\t\t\t<section class=\"elementor-section elementor-top-section elementor-element elementor-element-63f9c06 elementor-section-boxed elementor-section-height-default elementor-section-height-default\" data-id=\"63f9c06\" data-element_type=\"section\">\n\t\t\t\t\t\t<div class=\"elementor-container elementor-column-gap-default\">\n\t\t\t\t\t<div class=\"elementor-column elementor-col-100 elementor-top-column elementor-element elementor-element-d9f926c\" data-id=\"d9f926c\" data-element_type=\"column\">\n\t\t\t<div class=\"elementor-widget-wrap elementor-element-populated\">\n\t\t\t\t\t\t<div class=\"elementor-element elementor-element-40e24a0 elementor-widget elementor-widget-spacer\" data-id=\"40e24a0\" data-element_type=\"widget\" data-widget_type=\"spacer.default\">\n\t\t\t\t<div class=\"elementor-widget-container\">\n\t\t\t\t\t\t\t<div class=\"elementor-spacer\">\n\t\t\t<div class=\"elementor-spacer-inner\"><\/div>\n\t\t<\/div>\n\t\t\t\t\t\t<\/div>\n\t\t\t\t<\/div>\n\t\t\t\t\t<\/div>\n\t\t<\/div>\n\t\t\t\t\t<\/div>\n\t\t<\/section>\n\t\t\t\t<section class=\"elementor-section elementor-top-section elementor-element elementor-element-ae55f93 elementor-section-boxed elementor-section-height-default elementor-section-height-default\" data-id=\"ae55f93\" data-element_type=\"section\">\n\t\t\t\t\t\t<div class=\"elementor-container elementor-column-gap-default\">\n\t\t\t\t\t<div class=\"elementor-column elementor-col-100 elementor-top-column elementor-element elementor-element-511e7e9\" data-id=\"511e7e9\" data-element_type=\"column\">\n\t\t\t<div class=\"elementor-widget-wrap elementor-element-populated\">\n\t\t\t\t\t\t<section class=\"elementor-section elementor-inner-section elementor-element elementor-element-1a2a5f7 elementor-section-boxed elementor-section-height-default elementor-section-height-default\" data-id=\"1a2a5f7\" data-element_type=\"section\">\n\t\t\t\t\t\t<div class=\"elementor-container elementor-column-gap-default\">\n\t\t\t\t\t<div class=\"elementor-column elementor-col-50 elementor-inner-column elementor-element elementor-element-a4d3189\" data-id=\"a4d3189\" data-element_type=\"column\">\n\t\t\t<div class=\"elementor-widget-wrap elementor-element-populated\">\n\t\t\t\t\t\t<div class=\"elementor-element elementor-element-a71093a elementor-widget elementor-widget-text-editor\" data-id=\"a71093a\" data-element_type=\"widget\" data-widget_type=\"text-editor.default\">\n\t\t\t\t<div class=\"elementor-widget-container\">\n\t\t\t\t\t\t\t\t\t<ul><li>f\u00fclcimpa<\/li><li><p>f\u00fcl porc<\/p><\/li><li><p>indusztri\u00e1l<\/p><\/li><li><p>helix<\/p><\/li><li><p>forward helix<\/p><\/li><li><p>rook<\/p><\/li><li><p>shenmen<\/p><\/li><li><p>daith<\/p><\/li><li><p>tragus<\/p><\/li><li><p>anti tragus<\/p><\/li><li><p>conch<\/p><\/li><li><a href=\"https:\/\/fetishtattoo.com\/index.php\/migren-piercing\/\">migr\u00e9n piercing &#8211; olvass tov\u00e1bb!<\/a><\/li><\/ul>\t\t\t\t\t\t\t\t<\/div>\n\t\t\t\t<\/div>\n\t\t\t\t\t<\/div>\n\t\t<\/div>\n\t\t\t\t<div class=\"elementor-column elementor-col-50 elementor-inner-column elementor-element elementor-element-7e93178\" data-id=\"7e93178\" data-element_type=\"column\">\n\t\t\t<div class=\"elementor-widget-wrap elementor-element-populated\">\n\t\t\t\t\t\t<div class=\"elementor-element elementor-element-00ac8c7 elementor-widget elementor-widget-image\" data-id=\"00ac8c7\" data-element_type=\"widget\" data-widget_type=\"image.default\">\n\t\t\t\t<div class=\"elementor-widget-container\">\n\t\t\t\t\t\t\t\t\t\t\t\t\t\t\t<img fetchpriority=\"high\" decoding=\"async\" width=\"300\" height=\"300\" src=\"https:\/\/fetishtattoo.com\/wp-content\/uploads\/2021\/04\/ful_piercing.jpg\" class=\"attachment-large size-large wp-image-509\" alt=\"\" srcset=\"https:\/\/fetishtattoo.com\/wp-content\/uploads\/2021\/04\/ful_piercing.jpg 300w, https:\/\/fetishtattoo.com\/wp-content\/uploads\/2021\/04\/ful_piercing-150x150.jpg 150w\" sizes=\"(max-width: 300px) 100vw, 300px\" \/>\t\t\t\t\t\t\t\t\t\t\t\t\t\t\t<\/div>\n\t\t\t\t<\/div>\n\t\t\t\t\t<\/div>\n\t\t<\/div>\n\t\t\t\t\t<\/div>\n\t\t<\/section>\n\t\t\t\t<section class=\"elementor-section elementor-inner-section elementor-element elementor-element-bffceb4 elementor-section-boxed elementor-section-height-default elementor-section-height-default\" data-id=\"bffceb4\" data-element_type=\"section\">\n\t\t\t\t\t\t<div class=\"elementor-container elementor-column-gap-default\">\n\t\t\t\t\t<div class=\"elementor-column elementor-col-50 elementor-inner-column elementor-element elementor-element-4d24a14\" data-id=\"4d24a14\" data-element_type=\"column\">\n\t\t\t<div class=\"elementor-widget-wrap elementor-element-populated\">\n\t\t\t\t\t\t<div class=\"elementor-element elementor-element-cc085ba elementor-widget elementor-widget-image\" data-id=\"cc085ba\" data-element_type=\"widget\" data-widget_type=\"image.default\">\n\t\t\t\t<div class=\"elementor-widget-container\">\n\t\t\t\t\t\t\t\t\t\t\t\t\t\t\t<img decoding=\"async\" width=\"169\" height=\"300\" src=\"https:\/\/fetishtattoo.com\/wp-content\/uploads\/2021\/06\/190688257_1599634416905961_5045177487725509742_n-169x300.jpg\" class=\"attachment-medium size-medium wp-image-895\" alt=\"\" srcset=\"https:\/\/fetishtattoo.com\/wp-content\/uploads\/2021\/06\/190688257_1599634416905961_5045177487725509742_n-169x300.jpg 169w, https:\/\/fetishtattoo.com\/wp-content\/uploads\/2021\/06\/190688257_1599634416905961_5045177487725509742_n-576x1024.jpg 576w, https:\/\/fetishtattoo.com\/wp-content\/uploads\/2021\/06\/190688257_1599634416905961_5045177487725509742_n-768x1365.jpg 768w, https:\/\/fetishtattoo.com\/wp-content\/uploads\/2021\/06\/190688257_1599634416905961_5045177487725509742_n-864x1536.jpg 864w, https:\/\/fetishtattoo.com\/wp-content\/uploads\/2021\/06\/190688257_1599634416905961_5045177487725509742_n.jpg 1080w\" sizes=\"(max-width: 169px) 100vw, 169px\" \/>\t\t\t\t\t\t\t\t\t\t\t\t\t\t\t<\/div>\n\t\t\t\t<\/div>\n\t\t\t\t\t<\/div>\n\t\t<\/div>\n\t\t\t\t<div class=\"elementor-column elementor-col-50 elementor-inner-column elementor-element elementor-element-56a66f4\" data-id=\"56a66f4\" data-element_type=\"column\">\n\t\t\t<div class=\"elementor-widget-wrap elementor-element-populated\">\n\t\t\t\t\t\t<div class=\"elementor-element elementor-element-5ecb9dd elementor-widget elementor-widget-text-editor\" data-id=\"5ecb9dd\" data-element_type=\"widget\" data-widget_type=\"text-editor.default\">\n\t\t\t\t<div class=\"elementor-widget-container\">\n\t\t\t\t\t\t\t\t\t<p>F\u00fclbel\u00f6v\u00e9s Studex f\u00fclbel\u00f6v\u0151 rendszerrel\u00a0<\/p>\t\t\t\t\t\t\t\t<\/div>\n\t\t\t\t<\/div>\n\t\t\t\t\t<\/div>\n\t\t<\/div>\n\t\t\t\t\t<\/div>\n\t\t<\/section>\n\t\t\t\t<div class=\"elementor-element elementor-element-b7b13fa elementor-align-center elementor-widget elementor-widget-button\" data-id=\"b7b13fa\" data-element_type=\"widget\" data-widget_type=\"button.default\">\n\t\t\t\t<div class=\"elementor-widget-container\">\n\t\t\t\t\t\t\t\t\t<div class=\"elementor-button-wrapper\">\n\t\t\t\t\t<a class=\"elementor-button elementor-button-link elementor-size-xl\" href=\"https:\/\/fetishtattoo.com\/index.php\/arak\/\">\n\t\t\t\t\t\t<span class=\"elementor-button-content-wrapper\">\n\t\t\t\t\t\t\t\t\t<span class=\"elementor-button-text\">\u00c1rak<\/span>\n\t\t\t\t\t<\/span>\n\t\t\t\t\t<\/a>\n\t\t\t\t<\/div>\n\t\t\t\t\t\t\t\t<\/div>\n\t\t\t\t<\/div>\n\t\t\t\t\t<\/div>\n\t\t<\/div>\n\t\t\t\t\t<\/div>\n\t\t<\/section>\n\t\t\t\t<section class=\"elementor-section elementor-top-section elementor-element elementor-element-de3b326 elementor-section-stretched elementor-section-boxed elementor-section-height-default elementor-section-height-default\" data-id=\"de3b326\" data-element_type=\"section\" data-settings=\"{&quot;stretch_section&quot;:&quot;section-stretched&quot;}\">\n\t\t\t\t\t\t<div class=\"elementor-container elementor-column-gap-default\">\n\t\t\t\t\t<div class=\"elementor-column elementor-col-100 elementor-top-column elementor-element elementor-element-1479739\" data-id=\"1479739\" data-element_type=\"column\">\n\t\t\t<div class=\"elementor-widget-wrap\">\n\t\t\t\t\t\t\t<\/div>\n\t\t<\/div>\n\t\t\t\t\t<\/div>\n\t\t<\/section>\n\t\t\t\t<section class=\"elementor-section elementor-top-section elementor-element elementor-element-125896c elementor-section-stretched elementor-section-boxed elementor-section-height-default elementor-section-height-default\" data-id=\"125896c\" data-element_type=\"section\" data-settings=\"{&quot;stretch_section&quot;:&quot;section-stretched&quot;}\">\n\t\t\t\t\t\t\t<div class=\"elementor-background-overlay\"><\/div>\n\t\t\t\t\t\t\t<div class=\"elementor-container elementor-column-gap-default\">\n\t\t\t\t\t<div class=\"elementor-column elementor-col-100 elementor-top-column elementor-element elementor-element-81e96f4\" data-id=\"81e96f4\" data-element_type=\"column\">\n\t\t\t<div class=\"elementor-widget-wrap elementor-element-populated\">\n\t\t\t\t\t\t<div class=\"elementor-element elementor-element-c0ffc23 elementor-widget elementor-widget-spacer\" data-id=\"c0ffc23\" data-element_type=\"widget\" data-widget_type=\"spacer.default\">\n\t\t\t\t<div class=\"elementor-widget-container\">\n\t\t\t\t\t\t\t<div class=\"elementor-spacer\">\n\t\t\t<div class=\"elementor-spacer-inner\"><\/div>\n\t\t<\/div>\n\t\t\t\t\t\t<\/div>\n\t\t\t\t<\/div>\n\t\t\t\t<div class=\"elementor-element elementor-element-1ea458c elementor-widget elementor-widget-heading\" data-id=\"1ea458c\" data-element_type=\"widget\" data-widget_type=\"heading.default\">\n\t\t\t\t<div class=\"elementor-widget-container\">\n\t\t\t\t\t<h2 class=\"elementor-heading-title elementor-size-default\">Jelentkezz be: +3630 215 4232<\/h2>\t\t\t\t<\/div>\n\t\t\t\t<\/div>\n\t\t\t\t<div class=\"elementor-element elementor-element-ffef5b0 elementor-widget elementor-widget-spacer\" data-id=\"ffef5b0\" data-element_type=\"widget\" data-widget_type=\"spacer.default\">\n\t\t\t\t<div class=\"elementor-widget-container\">\n\t\t\t\t\t\t\t<div class=\"elementor-spacer\">\n\t\t\t<div class=\"elementor-spacer-inner\"><\/div>\n\t\t<\/div>\n\t\t\t\t\t\t<\/div>\n\t\t\t\t<\/div>\n\t\t\t\t\t<\/div>\n\t\t<\/div>\n\t\t\t\t\t<\/div>\n\t\t<\/section>\n\t\t\t\t<\/div>\n\t\t","protected":false},"excerpt":{"rendered":"<p>F\u00fcl\u00e9kszerek \u00e9s f\u00fclbel\u00f6v\u00e9s f\u00fclcimpa f\u00fcl porc indusztri\u00e1l helix forward helix rook shenmen daith tragus anti tragus conch migr\u00e9n piercing &#8211;<\/p>\n<p><a href=\"https:\/\/fetishtattoo.com\/index.php\/fulekszerek-fulbeloves\/\" class=\"more-link\">Tov\u00e1bb<span class=\"screen-reader-text\">F\u00fcl\u00e9kszerek \u00e9s f\u00fclbel\u00f6v\u00e9s<\/span><\/a><\/p>\n","protected":false},"author":1,"featured_media":509,"parent":0,"menu_order":0,"comment_status":"closed","ping_status":"closed","template":"","meta":{"footnotes":""},"class_list":["post-739","page","type-page","status-publish","has-post-thumbnail","hentry"],"yoast_head":"<!-- This site is optimized with the Yoast SEO plugin v25.0 - https:\/\/yoast.com\/wordpress\/plugins\/seo\/ -->\n<title>F\u00fcl\u00e9kszerek \u00e9s f\u00fclbel\u00f6v\u00e9s - Fetish Studio Westend<\/title>\n<meta name=\"description\" content=\"F\u00fcl\u00e9kszerek, piercing sz\u00far\u00e1s \u00e9s f\u00fclbel\u00f6v\u00e9s Studex f\u00fclbel\u00f6v\u0151 rendszerrel\" \/>\n<meta name=\"robots\" content=\"index, follow, max-snippet:-1, max-image-preview:large, max-video-preview:-1\" \/>\n<link rel=\"canonical\" href=\"https:\/\/fetishtattoo.com\/index.php\/fulekszerek-fulbeloves\/\" \/>\n<meta property=\"og:locale\" content=\"hu_HU\" \/>\n<meta property=\"og:type\" content=\"article\" \/>\n<meta property=\"og:title\" content=\"F\u00fcl\u00e9kszerek \u00e9s f\u00fclbel\u00f6v\u00e9s - Fetish Studio Westend\" \/>\n<meta property=\"og:description\" content=\"F\u00fcl\u00e9kszerek, piercing sz\u00far\u00e1s \u00e9s f\u00fclbel\u00f6v\u00e9s Studex f\u00fclbel\u00f6v\u0151 rendszerrel\" \/>\n<meta property=\"og:url\" content=\"https:\/\/fetishtattoo.com\/index.php\/fulekszerek-fulbeloves\/\" \/>\n<meta property=\"og:site_name\" content=\"Fetish Studio Westend\" \/>\n<meta property=\"article:publisher\" content=\"https:\/\/www.facebook.com\/FetishTattoo.Piercing\" \/>\n<meta property=\"article:modified_time\" content=\"2022-02-08T21:36:57+00:00\" \/>\n<meta property=\"og:image\" content=\"https:\/\/fetishtattoo.com\/wp-content\/uploads\/2021\/04\/ful_piercing.jpg\" \/>\n\t<meta property=\"og:image:width\" content=\"300\" \/>\n\t<meta property=\"og:image:height\" content=\"300\" \/>\n\t<meta property=\"og:image:type\" content=\"image\/jpeg\" \/>\n<meta name=\"twitter:card\" content=\"summary_large_image\" \/>\n<meta name=\"twitter:label1\" content=\"Becs\u00fclt olvas\u00e1si id\u0151\" \/>\n\t<meta name=\"twitter:data1\" content=\"1 perc\" \/>\n<script type=\"application\/ld+json\" class=\"yoast-schema-graph\">{\"@context\":\"https:\/\/schema.org\",\"@graph\":[{\"@type\":\"WebPage\",\"@id\":\"https:\/\/fetishtattoo.com\/index.php\/fulekszerek-fulbeloves\/\",\"url\":\"https:\/\/fetishtattoo.com\/index.php\/fulekszerek-fulbeloves\/\",\"name\":\"F\u00fcl\u00e9kszerek \u00e9s f\u00fclbel\u00f6v\u00e9s - Fetish Studio Westend\",\"isPartOf\":{\"@id\":\"https:\/\/fetishtattoo.com\/#website\"},\"primaryImageOfPage\":{\"@id\":\"https:\/\/fetishtattoo.com\/index.php\/fulekszerek-fulbeloves\/#primaryimage\"},\"image\":{\"@id\":\"https:\/\/fetishtattoo.com\/index.php\/fulekszerek-fulbeloves\/#primaryimage\"},\"thumbnailUrl\":\"https:\/\/fetishtattoo.com\/wp-content\/uploads\/2021\/04\/ful_piercing.jpg\",\"datePublished\":\"2021-04-28T19:00:08+00:00\",\"dateModified\":\"2022-02-08T21:36:57+00:00\",\"description\":\"F\u00fcl\u00e9kszerek, piercing sz\u00far\u00e1s \u00e9s f\u00fclbel\u00f6v\u00e9s Studex f\u00fclbel\u00f6v\u0151 rendszerrel\",\"breadcrumb\":{\"@id\":\"https:\/\/fetishtattoo.com\/index.php\/fulekszerek-fulbeloves\/#breadcrumb\"},\"inLanguage\":\"hu\",\"potentialAction\":[{\"@type\":\"ReadAction\",\"target\":[\"https:\/\/fetishtattoo.com\/index.php\/fulekszerek-fulbeloves\/\"]}]},{\"@type\":\"ImageObject\",\"inLanguage\":\"hu\",\"@id\":\"https:\/\/fetishtattoo.com\/index.php\/fulekszerek-fulbeloves\/#primaryimage\",\"url\":\"https:\/\/fetishtattoo.com\/wp-content\/uploads\/2021\/04\/ful_piercing.jpg\",\"contentUrl\":\"https:\/\/fetishtattoo.com\/wp-content\/uploads\/2021\/04\/ful_piercing.jpg\",\"width\":300,\"height\":300},{\"@type\":\"BreadcrumbList\",\"@id\":\"https:\/\/fetishtattoo.com\/index.php\/fulekszerek-fulbeloves\/#breadcrumb\",\"itemListElement\":[{\"@type\":\"ListItem\",\"position\":1,\"name\":\"Kezd\u0151lap\",\"item\":\"https:\/\/fetishtattoo.com\/\"},{\"@type\":\"ListItem\",\"position\":2,\"name\":\"F\u00fcl\u00e9kszerek \u00e9s f\u00fclbel\u00f6v\u00e9s\"}]},{\"@type\":\"WebSite\",\"@id\":\"https:\/\/fetishtattoo.com\/#website\",\"url\":\"https:\/\/fetishtattoo.com\/\",\"name\":\"Fetish Studio Westend\",\"description\":\"+3630 215 4232 | Body Art | Tattoo | Piercing | Microdermal | Tetov\u00e1l\u00e1s elt\u00e1vol\u00edt\u00e1s\",\"publisher\":{\"@id\":\"https:\/\/fetishtattoo.com\/#organization\"},\"potentialAction\":[{\"@type\":\"SearchAction\",\"target\":{\"@type\":\"EntryPoint\",\"urlTemplate\":\"https:\/\/fetishtattoo.com\/?s={search_term_string}\"},\"query-input\":{\"@type\":\"PropertyValueSpecification\",\"valueRequired\":true,\"valueName\":\"search_term_string\"}}],\"inLanguage\":\"hu\"},{\"@type\":\"Organization\",\"@id\":\"https:\/\/fetishtattoo.com\/#organization\",\"name\":\"Fetish Studio Westend\",\"url\":\"https:\/\/fetishtattoo.com\/\",\"logo\":{\"@type\":\"ImageObject\",\"inLanguage\":\"hu\",\"@id\":\"https:\/\/fetishtattoo.com\/#\/schema\/logo\/image\/\",\"url\":\"https:\/\/fetishtattoo.com\/wp-content\/uploads\/2021\/04\/cropped-cropped-cropped-cropped-fetish_studio_logo.png\",\"contentUrl\":\"https:\/\/fetishtattoo.com\/wp-content\/uploads\/2021\/04\/cropped-cropped-cropped-cropped-fetish_studio_logo.png\",\"width\":169,\"height\":136,\"caption\":\"Fetish Studio Westend\"},\"image\":{\"@id\":\"https:\/\/fetishtattoo.com\/#\/schema\/logo\/image\/\"},\"sameAs\":[\"https:\/\/www.facebook.com\/FetishTattoo.Piercing\"]}]}<\/script>\n<!-- \/ Yoast SEO plugin. -->","yoast_head_json":{"title":"F\u00fcl\u00e9kszerek \u00e9s f\u00fclbel\u00f6v\u00e9s - Fetish Studio Westend","description":"F\u00fcl\u00e9kszerek, piercing sz\u00far\u00e1s \u00e9s f\u00fclbel\u00f6v\u00e9s Studex f\u00fclbel\u00f6v\u0151 rendszerrel","robots":{"index":"index","follow":"follow","max-snippet":"max-snippet:-1","max-image-preview":"max-image-preview:large","max-video-preview":"max-video-preview:-1"},"canonical":"https:\/\/fetishtattoo.com\/index.php\/fulekszerek-fulbeloves\/","og_locale":"hu_HU","og_type":"article","og_title":"F\u00fcl\u00e9kszerek \u00e9s f\u00fclbel\u00f6v\u00e9s - Fetish Studio Westend","og_description":"F\u00fcl\u00e9kszerek, piercing sz\u00far\u00e1s \u00e9s f\u00fclbel\u00f6v\u00e9s Studex f\u00fclbel\u00f6v\u0151 rendszerrel","og_url":"https:\/\/fetishtattoo.com\/index.php\/fulekszerek-fulbeloves\/","og_site_name":"Fetish Studio Westend","article_publisher":"https:\/\/www.facebook.com\/FetishTattoo.Piercing","article_modified_time":"2022-02-08T21:36:57+00:00","og_image":[{"width":300,"height":300,"url":"https:\/\/fetishtattoo.com\/wp-content\/uploads\/2021\/04\/ful_piercing.jpg","type":"image\/jpeg"}],"twitter_card":"summary_large_image","twitter_misc":{"Becs\u00fclt olvas\u00e1si id\u0151":"1 perc"},"schema":{"@context":"https:\/\/schema.org","@graph":[{"@type":"WebPage","@id":"https:\/\/fetishtattoo.com\/index.php\/fulekszerek-fulbeloves\/","url":"https:\/\/fetishtattoo.com\/index.php\/fulekszerek-fulbeloves\/","name":"F\u00fcl\u00e9kszerek \u00e9s f\u00fclbel\u00f6v\u00e9s - Fetish Studio Westend","isPartOf":{"@id":"https:\/\/fetishtattoo.com\/#website"},"primaryImageOfPage":{"@id":"https:\/\/fetishtattoo.com\/index.php\/fulekszerek-fulbeloves\/#primaryimage"},"image":{"@id":"https:\/\/fetishtattoo.com\/index.php\/fulekszerek-fulbeloves\/#primaryimage"},"thumbnailUrl":"https:\/\/fetishtattoo.com\/wp-content\/uploads\/2021\/04\/ful_piercing.jpg","datePublished":"2021-04-28T19:00:08+00:00","dateModified":"2022-02-08T21:36:57+00:00","description":"F\u00fcl\u00e9kszerek, piercing sz\u00far\u00e1s \u00e9s f\u00fclbel\u00f6v\u00e9s Studex f\u00fclbel\u00f6v\u0151 rendszerrel","breadcrumb":{"@id":"https:\/\/fetishtattoo.com\/index.php\/fulekszerek-fulbeloves\/#breadcrumb"},"inLanguage":"hu","potentialAction":[{"@type":"ReadAction","target":["https:\/\/fetishtattoo.com\/index.php\/fulekszerek-fulbeloves\/"]}]},{"@type":"ImageObject","inLanguage":"hu","@id":"https:\/\/fetishtattoo.com\/index.php\/fulekszerek-fulbeloves\/#primaryimage","url":"https:\/\/fetishtattoo.com\/wp-content\/uploads\/2021\/04\/ful_piercing.jpg","contentUrl":"https:\/\/fetishtattoo.com\/wp-content\/uploads\/2021\/04\/ful_piercing.jpg","width":300,"height":300},{"@type":"BreadcrumbList","@id":"https:\/\/fetishtattoo.com\/index.php\/fulekszerek-fulbeloves\/#breadcrumb","itemListElement":[{"@type":"ListItem","position":1,"name":"Kezd\u0151lap","item":"https:\/\/fetishtattoo.com\/"},{"@type":"ListItem","position":2,"name":"F\u00fcl\u00e9kszerek \u00e9s f\u00fclbel\u00f6v\u00e9s"}]},{"@type":"WebSite","@id":"https:\/\/fetishtattoo.com\/#website","url":"https:\/\/fetishtattoo.com\/","name":"Fetish Studio Westend","description":"+3630 215 4232 | Body Art | Tattoo | Piercing | Microdermal | Tetov\u00e1l\u00e1s elt\u00e1vol\u00edt\u00e1s","publisher":{"@id":"https:\/\/fetishtattoo.com\/#organization"},"potentialAction":[{"@type":"SearchAction","target":{"@type":"EntryPoint","urlTemplate":"https:\/\/fetishtattoo.com\/?s={search_term_string}"},"query-input":{"@type":"PropertyValueSpecification","valueRequired":true,"valueName":"search_term_string"}}],"inLanguage":"hu"},{"@type":"Organization","@id":"https:\/\/fetishtattoo.com\/#organization","name":"Fetish Studio Westend","url":"https:\/\/fetishtattoo.com\/","logo":{"@type":"ImageObject","inLanguage":"hu","@id":"https:\/\/fetishtattoo.com\/#\/schema\/logo\/image\/","url":"https:\/\/fetishtattoo.com\/wp-content\/uploads\/2021\/04\/cropped-cropped-cropped-cropped-fetish_studio_logo.png","contentUrl":"https:\/\/fetishtattoo.com\/wp-content\/uploads\/2021\/04\/cropped-cropped-cropped-cropped-fetish_studio_logo.png","width":169,"height":136,"caption":"Fetish Studio Westend"},"image":{"@id":"https:\/\/fetishtattoo.com\/#\/schema\/logo\/image\/"},"sameAs":["https:\/\/www.facebook.com\/FetishTattoo.Piercing"]}]}},"_links":{"self":[{"href":"https:\/\/fetishtattoo.com\/index.php\/wp-json\/wp\/v2\/pages\/739","targetHints":{"allow":["GET"]}}],"collection":[{"href":"https:\/\/fetishtattoo.com\/index.php\/wp-json\/wp\/v2\/pages"}],"about":[{"href":"https:\/\/fetishtattoo.com\/index.php\/wp-json\/wp\/v2\/types\/page"}],"author":[{"embeddable":true,"href":"https:\/\/fetishtattoo.com\/index.php\/wp-json\/wp\/v2\/users\/1"}],"replies":[{"embeddable":true,"href":"https:\/\/fetishtattoo.com\/index.php\/wp-json\/wp\/v2\/comments?post=739"}],"version-history":[{"count":30,"href":"https:\/\/fetishtattoo.com\/index.php\/wp-json\/wp\/v2\/pages\/739\/revisions"}],"predecessor-version":[{"id":1039,"href":"https:\/\/fetishtattoo.com\/index.php\/wp-json\/wp\/v2\/pages\/739\/revisions\/1039"}],"wp:featuredmedia":[{"embeddable":true,"href":"https:\/\/fetishtattoo.com\/index.php\/wp-json\/wp\/v2\/media\/509"}],"wp:attachment":[{"href":"https:\/\/fetishtattoo.com\/index.php\/wp-json\/wp\/v2\/media?parent=739"}],"curies":[{"name":"wp","href":"https:\/\/api.w.org\/{rel}","templated":true}]}}