{"id":927,"date":"2021-07-19T14:07:12","date_gmt":"2021-07-19T14:07:12","guid":{"rendered":"https:\/\/fetishtattoo.com\/?page_id=927"},"modified":"2022-02-08T21:33:24","modified_gmt":"2022-02-08T21:33:24","slug":"migren-piercing","status":"publish","type":"page","link":"https:\/\/fetishtattoo.com\/index.php\/migren-piercing\/","title":{"rendered":"Migr\u00e9n piercing"},"content":{"rendered":"\t\t<div data-elementor-type=\"wp-page\" data-elementor-id=\"927\" class=\"elementor elementor-927\">\n\t\t\t\t\t\t<section class=\"elementor-section elementor-top-section elementor-element elementor-element-0ac0616 elementor-section-boxed elementor-section-height-default elementor-section-height-default\" data-id=\"0ac0616\" data-element_type=\"section\">\n\t\t\t\t\t\t\t<div class=\"elementor-background-overlay\"><\/div>\n\t\t\t\t\t\t\t<div class=\"elementor-container elementor-column-gap-default\">\n\t\t\t\t\t<div class=\"elementor-column elementor-col-100 elementor-top-column elementor-element elementor-element-87be7c4\" data-id=\"87be7c4\" data-element_type=\"column\">\n\t\t\t<div class=\"elementor-widget-wrap elementor-element-populated\">\n\t\t\t\t\t\t<div class=\"elementor-element elementor-element-85f7ab4 elementor-widget elementor-widget-spacer\" data-id=\"85f7ab4\" data-element_type=\"widget\" data-widget_type=\"spacer.default\">\n\t\t\t\t<div class=\"elementor-widget-container\">\n\t\t\t\t\t\t\t<div class=\"elementor-spacer\">\n\t\t\t<div class=\"elementor-spacer-inner\"><\/div>\n\t\t<\/div>\n\t\t\t\t\t\t<\/div>\n\t\t\t\t<\/div>\n\t\t\t\t<div class=\"elementor-element elementor-element-cdaf51f elementor-widget elementor-widget-heading\" data-id=\"cdaf51f\" data-element_type=\"widget\" data-widget_type=\"heading.default\">\n\t\t\t\t<div class=\"elementor-widget-container\">\n\t\t\t\t\t<h1 class=\"elementor-heading-title elementor-size-default\">Migr\u00e9n piercing<\/h1>\t\t\t\t<\/div>\n\t\t\t\t<\/div>\n\t\t\t\t<div class=\"elementor-element elementor-element-8f3b8c8 elementor-widget elementor-widget-spacer\" data-id=\"8f3b8c8\" data-element_type=\"widget\" data-widget_type=\"spacer.default\">\n\t\t\t\t<div class=\"elementor-widget-container\">\n\t\t\t\t\t\t\t<div class=\"elementor-spacer\">\n\t\t\t<div class=\"elementor-spacer-inner\"><\/div>\n\t\t<\/div>\n\t\t\t\t\t\t<\/div>\n\t\t\t\t<\/div>\n\t\t\t\t\t<\/div>\n\t\t<\/div>\n\t\t\t\t\t<\/div>\n\t\t<\/section>\n\t\t\t\t<section class=\"elementor-section elementor-top-section elementor-element elementor-element-63f9c06 elementor-section-boxed elementor-section-height-default elementor-section-height-default\" data-id=\"63f9c06\" data-element_type=\"section\">\n\t\t\t\t\t\t<div class=\"elementor-container elementor-column-gap-default\">\n\t\t\t\t\t<div class=\"elementor-column elementor-col-100 elementor-top-column elementor-element elementor-element-d9f926c\" data-id=\"d9f926c\" data-element_type=\"column\">\n\t\t\t<div class=\"elementor-widget-wrap elementor-element-populated\">\n\t\t\t\t\t\t<div class=\"elementor-element elementor-element-40e24a0 elementor-widget elementor-widget-spacer\" data-id=\"40e24a0\" data-element_type=\"widget\" data-widget_type=\"spacer.default\">\n\t\t\t\t<div class=\"elementor-widget-container\">\n\t\t\t\t\t\t\t<div class=\"elementor-spacer\">\n\t\t\t<div class=\"elementor-spacer-inner\"><\/div>\n\t\t<\/div>\n\t\t\t\t\t\t<\/div>\n\t\t\t\t<\/div>\n\t\t\t\t\t<\/div>\n\t\t<\/div>\n\t\t\t\t\t<\/div>\n\t\t<\/section>\n\t\t\t\t<section class=\"elementor-section elementor-top-section elementor-element elementor-element-ae55f93 elementor-section-boxed elementor-section-height-default elementor-section-height-default\" data-id=\"ae55f93\" data-element_type=\"section\">\n\t\t\t\t\t\t<div class=\"elementor-container elementor-column-gap-default\">\n\t\t\t\t\t<div class=\"elementor-column elementor-col-100 elementor-top-column elementor-element elementor-element-511e7e9\" data-id=\"511e7e9\" data-element_type=\"column\">\n\t\t\t<div class=\"elementor-widget-wrap elementor-element-populated\">\n\t\t\t\t\t\t<section class=\"elementor-section elementor-inner-section elementor-element elementor-element-1a2a5f7 elementor-section-boxed elementor-section-height-default elementor-section-height-default\" data-id=\"1a2a5f7\" data-element_type=\"section\">\n\t\t\t\t\t\t<div class=\"elementor-container elementor-column-gap-default\">\n\t\t\t\t\t<div class=\"elementor-column elementor-col-50 elementor-inner-column elementor-element elementor-element-a4d3189\" data-id=\"a4d3189\" data-element_type=\"column\">\n\t\t\t<div class=\"elementor-widget-wrap elementor-element-populated\">\n\t\t\t\t\t\t<div class=\"elementor-element elementor-element-a71093a elementor-widget elementor-widget-text-editor\" data-id=\"a71093a\" data-element_type=\"widget\" data-widget_type=\"text-editor.default\">\n\t\t\t\t<div class=\"elementor-widget-container\">\n\t\t\t\t\t\t\t\t\t<p>Migr\u00e9n piercingnek a f\u00fclporcban elhelyezked\u0151 Tragus \u00e9s Daith piercingeket nevezz\u00fck.<\/p><p>\u00a0<\/p><p>Ezen pontok stimul\u00e1l\u00e1sa seg\u00edt az idegrendszer egyens\u00faly\u00e1t megteremteni \u00e9s t\u00f6bbf\u00e9le migr\u00e9nes fejf\u00e1j\u00e1st megsz\u00fcntetni vagy enyh\u00e9bb\u00e9 tenni.<\/p><p>\u00a0<\/p><ul><li>A Daith piercinget f\u0151leg em\u00e9szt\u00e9si gondokb\u00f3l ered\u0151 fejf\u00e1j\u00e1sokra aj\u00e1nlj\u00e1k.<\/li><li>M\u00edg a Tragus piercinget f\u0151leg az id\u0151j\u00e1r\u00e1s \u00e9s egy\u00e9b m\u00e1s okokb\u00f3l ered\u0151 fejf\u00e1j\u00e1s enyh\u00edt\u00e9s\u00e9re, megsz\u00fcntet\u00e9s\u00e9re aj\u00e1nlj\u00e1k.<\/li><\/ul><p>Ezek a piercingek term\u00e9szetesen nem csodaszerek, nem tudjuk garant\u00e1lni, hogy mindenkin\u00e9l m\u0171k\u00f6dni fognak.<\/p><p>\u00a0<\/p>\t\t\t\t\t\t\t\t<\/div>\n\t\t\t\t<\/div>\n\t\t\t\t\t<\/div>\n\t\t<\/div>\n\t\t\t\t<div class=\"elementor-column elementor-col-50 elementor-inner-column elementor-element elementor-element-7e93178\" data-id=\"7e93178\" data-element_type=\"column\">\n\t\t\t<div class=\"elementor-widget-wrap elementor-element-populated\">\n\t\t\t\t\t\t<div class=\"elementor-element elementor-element-00ac8c7 elementor-widget elementor-widget-image\" data-id=\"00ac8c7\" data-element_type=\"widget\" data-widget_type=\"image.default\">\n\t\t\t\t<div class=\"elementor-widget-container\">\n\t\t\t\t\t\t\t\t\t\t\t\t\t\t\t<img fetchpriority=\"high\" decoding=\"async\" width=\"500\" height=\"500\" src=\"https:\/\/fetishtattoo.com\/wp-content\/uploads\/2021\/07\/migren_piercing.jpg\" class=\"attachment-large size-large wp-image-928\" alt=\"\" srcset=\"https:\/\/fetishtattoo.com\/wp-content\/uploads\/2021\/07\/migren_piercing.jpg 500w, https:\/\/fetishtattoo.com\/wp-content\/uploads\/2021\/07\/migren_piercing-300x300.jpg 300w, https:\/\/fetishtattoo.com\/wp-content\/uploads\/2021\/07\/migren_piercing-150x150.jpg 150w, https:\/\/fetishtattoo.com\/wp-content\/uploads\/2021\/07\/migren_piercing-250x250.jpg 250w\" sizes=\"(max-width: 500px) 100vw, 500px\" \/>\t\t\t\t\t\t\t\t\t\t\t\t\t\t\t<\/div>\n\t\t\t\t<\/div>\n\t\t\t\t\t<\/div>\n\t\t<\/div>\n\t\t\t\t\t<\/div>\n\t\t<\/section>\n\t\t\t\t\t<\/div>\n\t\t<\/div>\n\t\t\t\t\t<\/div>\n\t\t<\/section>\n\t\t\t\t<section class=\"elementor-section elementor-top-section elementor-element elementor-element-de3b326 elementor-section-stretched elementor-section-boxed elementor-section-height-default elementor-section-height-default\" data-id=\"de3b326\" data-element_type=\"section\" data-settings=\"{&quot;stretch_section&quot;:&quot;section-stretched&quot;}\">\n\t\t\t\t\t\t<div class=\"elementor-container elementor-column-gap-default\">\n\t\t\t\t\t<div class=\"elementor-column elementor-col-100 elementor-top-column elementor-element elementor-element-1479739\" data-id=\"1479739\" data-element_type=\"column\">\n\t\t\t<div class=\"elementor-widget-wrap elementor-element-populated\">\n\t\t\t\t\t\t<div class=\"elementor-element elementor-element-53d4560 elementor-widget elementor-widget-text-editor\" data-id=\"53d4560\" data-element_type=\"widget\" data-widget_type=\"text-editor.default\">\n\t\t\t\t<div class=\"elementor-widget-container\">\n\t\t\t\t\t\t\t\t\t<p>Van, akin\u00e9l egyb\u0151l \u00e9s nagyon hat\u00e1sosan m\u0171k\u00f6dik, van, akin\u00e9l csak k\u00e9s\u0151bb \u00e9rezteti a hat\u00e1s\u00e1t, \u00e9s persze van olyan is, akin\u00e9l k\u00e9s\u0151bb sem m\u0171k\u00f6dik (de mint piercing akkor is sz\u00e9p).<\/p><p>Ann\u00e1l, akinek nem m\u0171k\u00f6dik az egyik, lehet pr\u00f3b\u00e1lkozni a m\u00e1sikkal, mert el\u0151fordul, hogy a kett\u0151 egy\u00fcttesen hat.<\/p>\t\t\t\t\t\t\t\t<\/div>\n\t\t\t\t<\/div>\n\t\t\t\t\t<\/div>\n\t\t<\/div>\n\t\t\t\t\t<\/div>\n\t\t<\/section>\n\t\t\t\t<section class=\"elementor-section elementor-top-section elementor-element elementor-element-125896c elementor-section-stretched elementor-section-boxed elementor-section-height-default elementor-section-height-default\" data-id=\"125896c\" data-element_type=\"section\" data-settings=\"{&quot;stretch_section&quot;:&quot;section-stretched&quot;}\">\n\t\t\t\t\t\t\t<div class=\"elementor-background-overlay\"><\/div>\n\t\t\t\t\t\t\t<div class=\"elementor-container elementor-column-gap-default\">\n\t\t\t\t\t<div class=\"elementor-column elementor-col-100 elementor-top-column elementor-element elementor-element-81e96f4\" data-id=\"81e96f4\" data-element_type=\"column\">\n\t\t\t<div class=\"elementor-widget-wrap elementor-element-populated\">\n\t\t\t\t\t\t<div class=\"elementor-element elementor-element-c0ffc23 elementor-widget elementor-widget-spacer\" data-id=\"c0ffc23\" data-element_type=\"widget\" data-widget_type=\"spacer.default\">\n\t\t\t\t<div class=\"elementor-widget-container\">\n\t\t\t\t\t\t\t<div class=\"elementor-spacer\">\n\t\t\t<div class=\"elementor-spacer-inner\"><\/div>\n\t\t<\/div>\n\t\t\t\t\t\t<\/div>\n\t\t\t\t<\/div>\n\t\t\t\t<div class=\"elementor-element elementor-element-1ea458c elementor-widget elementor-widget-heading\" data-id=\"1ea458c\" data-element_type=\"widget\" data-widget_type=\"heading.default\">\n\t\t\t\t<div class=\"elementor-widget-container\">\n\t\t\t\t\t<h2 class=\"elementor-heading-title elementor-size-default\">Jelentkezz be: +3630 215 4232<\/h2>\t\t\t\t<\/div>\n\t\t\t\t<\/div>\n\t\t\t\t<div class=\"elementor-element elementor-element-ffef5b0 elementor-widget elementor-widget-spacer\" data-id=\"ffef5b0\" data-element_type=\"widget\" data-widget_type=\"spacer.default\">\n\t\t\t\t<div class=\"elementor-widget-container\">\n\t\t\t\t\t\t\t<div class=\"elementor-spacer\">\n\t\t\t<div class=\"elementor-spacer-inner\"><\/div>\n\t\t<\/div>\n\t\t\t\t\t\t<\/div>\n\t\t\t\t<\/div>\n\t\t\t\t\t<\/div>\n\t\t<\/div>\n\t\t\t\t\t<\/div>\n\t\t<\/section>\n\t\t\t\t<\/div>\n\t\t","protected":false},"excerpt":{"rendered":"<p>Migr\u00e9n piercing Migr\u00e9n piercingnek a f\u00fclporcban elhelyezked\u0151 Tragus \u00e9s Daith piercingeket nevezz\u00fck. \u00a0 Ezen pontok stimul\u00e1l\u00e1sa seg\u00edt az idegrendszer egyens\u00faly\u00e1t<\/p>\n<p><a href=\"https:\/\/fetishtattoo.com\/index.php\/migren-piercing\/\" class=\"more-link\">Tov\u00e1bb<span class=\"screen-reader-text\">Migr\u00e9n piercing<\/span><\/a><\/p>\n","protected":false},"author":2,"featured_media":928,"parent":0,"menu_order":0,"comment_status":"closed","ping_status":"closed","template":"","meta":{"footnotes":""},"class_list":["post-927","page","type-page","status-publish","has-post-thumbnail","hentry"],"yoast_head":"<!-- This site is optimized with the Yoast SEO plugin v25.0 - https:\/\/yoast.com\/wordpress\/plugins\/seo\/ -->\n<title>Migr\u00e9n piercing - Fetish Studio Westend<\/title>\n<meta name=\"description\" content=\"Migr\u00e9n piercing, migr\u00e9n f\u00fclbeval\u00f3: ezek az \u00e9kszerek seg\u00edthetnek a migr\u00e9nes fejf\u00e1j\u00e1st megsz\u00fcntetni vagy enyh\u00e9bb\u00e9 tenni\" \/>\n<meta name=\"robots\" content=\"index, follow, max-snippet:-1, max-image-preview:large, max-video-preview:-1\" \/>\n<link rel=\"canonical\" href=\"https:\/\/fetishtattoo.com\/index.php\/migren-piercing\/\" \/>\n<meta property=\"og:locale\" content=\"hu_HU\" \/>\n<meta property=\"og:type\" content=\"article\" \/>\n<meta property=\"og:title\" content=\"Migr\u00e9n piercing - Fetish Studio Westend\" \/>\n<meta property=\"og:description\" content=\"Migr\u00e9n piercing, migr\u00e9n f\u00fclbeval\u00f3: ezek az \u00e9kszerek seg\u00edthetnek a migr\u00e9nes fejf\u00e1j\u00e1st megsz\u00fcntetni vagy enyh\u00e9bb\u00e9 tenni\" \/>\n<meta property=\"og:url\" content=\"https:\/\/fetishtattoo.com\/index.php\/migren-piercing\/\" \/>\n<meta property=\"og:site_name\" content=\"Fetish Studio Westend\" \/>\n<meta property=\"article:publisher\" content=\"https:\/\/www.facebook.com\/FetishTattoo.Piercing\" \/>\n<meta property=\"article:modified_time\" content=\"2022-02-08T21:33:24+00:00\" \/>\n<meta property=\"og:image\" content=\"https:\/\/fetishtattoo.com\/wp-content\/uploads\/2021\/07\/migren_piercing.jpg\" \/>\n\t<meta property=\"og:image:width\" content=\"500\" \/>\n\t<meta property=\"og:image:height\" content=\"500\" \/>\n\t<meta property=\"og:image:type\" content=\"image\/jpeg\" \/>\n<meta name=\"twitter:card\" content=\"summary_large_image\" \/>\n<meta name=\"twitter:label1\" content=\"Becs\u00fclt olvas\u00e1si id\u0151\" \/>\n\t<meta name=\"twitter:data1\" content=\"1 perc\" \/>\n<script type=\"application\/ld+json\" class=\"yoast-schema-graph\">{\"@context\":\"https:\/\/schema.org\",\"@graph\":[{\"@type\":\"WebPage\",\"@id\":\"https:\/\/fetishtattoo.com\/index.php\/migren-piercing\/\",\"url\":\"https:\/\/fetishtattoo.com\/index.php\/migren-piercing\/\",\"name\":\"Migr\u00e9n piercing - Fetish Studio Westend\",\"isPartOf\":{\"@id\":\"https:\/\/fetishtattoo.com\/#website\"},\"primaryImageOfPage\":{\"@id\":\"https:\/\/fetishtattoo.com\/index.php\/migren-piercing\/#primaryimage\"},\"image\":{\"@id\":\"https:\/\/fetishtattoo.com\/index.php\/migren-piercing\/#primaryimage\"},\"thumbnailUrl\":\"https:\/\/fetishtattoo.com\/wp-content\/uploads\/2021\/07\/migren_piercing.jpg\",\"datePublished\":\"2021-07-19T14:07:12+00:00\",\"dateModified\":\"2022-02-08T21:33:24+00:00\",\"description\":\"Migr\u00e9n piercing, migr\u00e9n f\u00fclbeval\u00f3: ezek az \u00e9kszerek seg\u00edthetnek a migr\u00e9nes fejf\u00e1j\u00e1st megsz\u00fcntetni vagy enyh\u00e9bb\u00e9 tenni\",\"breadcrumb\":{\"@id\":\"https:\/\/fetishtattoo.com\/index.php\/migren-piercing\/#breadcrumb\"},\"inLanguage\":\"hu\",\"potentialAction\":[{\"@type\":\"ReadAction\",\"target\":[\"https:\/\/fetishtattoo.com\/index.php\/migren-piercing\/\"]}]},{\"@type\":\"ImageObject\",\"inLanguage\":\"hu\",\"@id\":\"https:\/\/fetishtattoo.com\/index.php\/migren-piercing\/#primaryimage\",\"url\":\"https:\/\/fetishtattoo.com\/wp-content\/uploads\/2021\/07\/migren_piercing.jpg\",\"contentUrl\":\"https:\/\/fetishtattoo.com\/wp-content\/uploads\/2021\/07\/migren_piercing.jpg\",\"width\":500,\"height\":500},{\"@type\":\"BreadcrumbList\",\"@id\":\"https:\/\/fetishtattoo.com\/index.php\/migren-piercing\/#breadcrumb\",\"itemListElement\":[{\"@type\":\"ListItem\",\"position\":1,\"name\":\"Kezd\u0151lap\",\"item\":\"https:\/\/fetishtattoo.com\/\"},{\"@type\":\"ListItem\",\"position\":2,\"name\":\"Migr\u00e9n piercing\"}]},{\"@type\":\"WebSite\",\"@id\":\"https:\/\/fetishtattoo.com\/#website\",\"url\":\"https:\/\/fetishtattoo.com\/\",\"name\":\"Fetish Studio Westend\",\"description\":\"+3630 215 4232 | Body Art | Tattoo | Piercing | Microdermal | Tetov\u00e1l\u00e1s elt\u00e1vol\u00edt\u00e1s\",\"publisher\":{\"@id\":\"https:\/\/fetishtattoo.com\/#organization\"},\"potentialAction\":[{\"@type\":\"SearchAction\",\"target\":{\"@type\":\"EntryPoint\",\"urlTemplate\":\"https:\/\/fetishtattoo.com\/?s={search_term_string}\"},\"query-input\":{\"@type\":\"PropertyValueSpecification\",\"valueRequired\":true,\"valueName\":\"search_term_string\"}}],\"inLanguage\":\"hu\"},{\"@type\":\"Organization\",\"@id\":\"https:\/\/fetishtattoo.com\/#organization\",\"name\":\"Fetish Studio Westend\",\"url\":\"https:\/\/fetishtattoo.com\/\",\"logo\":{\"@type\":\"ImageObject\",\"inLanguage\":\"hu\",\"@id\":\"https:\/\/fetishtattoo.com\/#\/schema\/logo\/image\/\",\"url\":\"https:\/\/fetishtattoo.com\/wp-content\/uploads\/2021\/04\/cropped-cropped-cropped-cropped-fetish_studio_logo.png\",\"contentUrl\":\"https:\/\/fetishtattoo.com\/wp-content\/uploads\/2021\/04\/cropped-cropped-cropped-cropped-fetish_studio_logo.png\",\"width\":169,\"height\":136,\"caption\":\"Fetish Studio Westend\"},\"image\":{\"@id\":\"https:\/\/fetishtattoo.com\/#\/schema\/logo\/image\/\"},\"sameAs\":[\"https:\/\/www.facebook.com\/FetishTattoo.Piercing\"]}]}<\/script>\n<!-- \/ Yoast SEO plugin. -->","yoast_head_json":{"title":"Migr\u00e9n piercing - Fetish Studio Westend","description":"Migr\u00e9n piercing, migr\u00e9n f\u00fclbeval\u00f3: ezek az \u00e9kszerek seg\u00edthetnek a migr\u00e9nes fejf\u00e1j\u00e1st megsz\u00fcntetni vagy enyh\u00e9bb\u00e9 tenni","robots":{"index":"index","follow":"follow","max-snippet":"max-snippet:-1","max-image-preview":"max-image-preview:large","max-video-preview":"max-video-preview:-1"},"canonical":"https:\/\/fetishtattoo.com\/index.php\/migren-piercing\/","og_locale":"hu_HU","og_type":"article","og_title":"Migr\u00e9n piercing - Fetish Studio Westend","og_description":"Migr\u00e9n piercing, migr\u00e9n f\u00fclbeval\u00f3: ezek az \u00e9kszerek seg\u00edthetnek a migr\u00e9nes fejf\u00e1j\u00e1st megsz\u00fcntetni vagy enyh\u00e9bb\u00e9 tenni","og_url":"https:\/\/fetishtattoo.com\/index.php\/migren-piercing\/","og_site_name":"Fetish Studio Westend","article_publisher":"https:\/\/www.facebook.com\/FetishTattoo.Piercing","article_modified_time":"2022-02-08T21:33:24+00:00","og_image":[{"width":500,"height":500,"url":"https:\/\/fetishtattoo.com\/wp-content\/uploads\/2021\/07\/migren_piercing.jpg","type":"image\/jpeg"}],"twitter_card":"summary_large_image","twitter_misc":{"Becs\u00fclt olvas\u00e1si id\u0151":"1 perc"},"schema":{"@context":"https:\/\/schema.org","@graph":[{"@type":"WebPage","@id":"https:\/\/fetishtattoo.com\/index.php\/migren-piercing\/","url":"https:\/\/fetishtattoo.com\/index.php\/migren-piercing\/","name":"Migr\u00e9n piercing - Fetish Studio Westend","isPartOf":{"@id":"https:\/\/fetishtattoo.com\/#website"},"primaryImageOfPage":{"@id":"https:\/\/fetishtattoo.com\/index.php\/migren-piercing\/#primaryimage"},"image":{"@id":"https:\/\/fetishtattoo.com\/index.php\/migren-piercing\/#primaryimage"},"thumbnailUrl":"https:\/\/fetishtattoo.com\/wp-content\/uploads\/2021\/07\/migren_piercing.jpg","datePublished":"2021-07-19T14:07:12+00:00","dateModified":"2022-02-08T21:33:24+00:00","description":"Migr\u00e9n piercing, migr\u00e9n f\u00fclbeval\u00f3: ezek az \u00e9kszerek seg\u00edthetnek a migr\u00e9nes fejf\u00e1j\u00e1st megsz\u00fcntetni vagy enyh\u00e9bb\u00e9 tenni","breadcrumb":{"@id":"https:\/\/fetishtattoo.com\/index.php\/migren-piercing\/#breadcrumb"},"inLanguage":"hu","potentialAction":[{"@type":"ReadAction","target":["https:\/\/fetishtattoo.com\/index.php\/migren-piercing\/"]}]},{"@type":"ImageObject","inLanguage":"hu","@id":"https:\/\/fetishtattoo.com\/index.php\/migren-piercing\/#primaryimage","url":"https:\/\/fetishtattoo.com\/wp-content\/uploads\/2021\/07\/migren_piercing.jpg","contentUrl":"https:\/\/fetishtattoo.com\/wp-content\/uploads\/2021\/07\/migren_piercing.jpg","width":500,"height":500},{"@type":"BreadcrumbList","@id":"https:\/\/fetishtattoo.com\/index.php\/migren-piercing\/#breadcrumb","itemListElement":[{"@type":"ListItem","position":1,"name":"Kezd\u0151lap","item":"https:\/\/fetishtattoo.com\/"},{"@type":"ListItem","position":2,"name":"Migr\u00e9n piercing"}]},{"@type":"WebSite","@id":"https:\/\/fetishtattoo.com\/#website","url":"https:\/\/fetishtattoo.com\/","name":"Fetish Studio Westend","description":"+3630 215 4232 | Body Art | Tattoo | Piercing | Microdermal | Tetov\u00e1l\u00e1s elt\u00e1vol\u00edt\u00e1s","publisher":{"@id":"https:\/\/fetishtattoo.com\/#organization"},"potentialAction":[{"@type":"SearchAction","target":{"@type":"EntryPoint","urlTemplate":"https:\/\/fetishtattoo.com\/?s={search_term_string}"},"query-input":{"@type":"PropertyValueSpecification","valueRequired":true,"valueName":"search_term_string"}}],"inLanguage":"hu"},{"@type":"Organization","@id":"https:\/\/fetishtattoo.com\/#organization","name":"Fetish Studio Westend","url":"https:\/\/fetishtattoo.com\/","logo":{"@type":"ImageObject","inLanguage":"hu","@id":"https:\/\/fetishtattoo.com\/#\/schema\/logo\/image\/","url":"https:\/\/fetishtattoo.com\/wp-content\/uploads\/2021\/04\/cropped-cropped-cropped-cropped-fetish_studio_logo.png","contentUrl":"https:\/\/fetishtattoo.com\/wp-content\/uploads\/2021\/04\/cropped-cropped-cropped-cropped-fetish_studio_logo.png","width":169,"height":136,"caption":"Fetish Studio Westend"},"image":{"@id":"https:\/\/fetishtattoo.com\/#\/schema\/logo\/image\/"},"sameAs":["https:\/\/www.facebook.com\/FetishTattoo.Piercing"]}]}},"_links":{"self":[{"href":"https:\/\/fetishtattoo.com\/index.php\/wp-json\/wp\/v2\/pages\/927","targetHints":{"allow":["GET"]}}],"collection":[{"href":"https:\/\/fetishtattoo.com\/index.php\/wp-json\/wp\/v2\/pages"}],"about":[{"href":"https:\/\/fetishtattoo.com\/index.php\/wp-json\/wp\/v2\/types\/page"}],"author":[{"embeddable":true,"href":"https:\/\/fetishtattoo.com\/index.php\/wp-json\/wp\/v2\/users\/2"}],"replies":[{"embeddable":true,"href":"https:\/\/fetishtattoo.com\/index.php\/wp-json\/wp\/v2\/comments?post=927"}],"version-history":[{"count":10,"href":"https:\/\/fetishtattoo.com\/index.php\/wp-json\/wp\/v2\/pages\/927\/revisions"}],"predecessor-version":[{"id":1027,"href":"https:\/\/fetishtattoo.com\/index.php\/wp-json\/wp\/v2\/pages\/927\/revisions\/1027"}],"wp:featuredmedia":[{"embeddable":true,"href":"https:\/\/fetishtattoo.com\/index.php\/wp-json\/wp\/v2\/media\/928"}],"wp:attachment":[{"href":"https:\/\/fetishtattoo.com\/index.php\/wp-json\/wp\/v2\/media?parent=927"}],"curies":[{"name":"wp","href":"https:\/\/api.w.org\/{rel}","templated":true}]}}